{"id":7832,"date":"2014-04-07T15:23:37","date_gmt":"2014-04-07T15:23:37","guid":{"rendered":"https:\/\/health-center.vamtam.com\/?page_id=7832"},"modified":"2025-09-04T13:27:23","modified_gmt":"2025-09-04T18:27:23","slug":"home-new","status":"publish","type":"page","link":"https:\/\/loscomuneroshub.com\/educacion-al-paciente\/","title":{"rendered":"Inicio"},"content":{"rendered":"<div class=\"push\" style='margin-bottom:-100px'><\/div>\n\t\t<h2 class=\"text-divider-double\">\t\t\t\nEducaci\u00f3n al paciente\t\t<\/h2>\t\t<div class=\"sep\"><\/div>\t\n<div class=\"row \"><div class=\"wpv-grid grid-1-4  wpv-first-level first unextended animation-from-left animated-active\" style=\"padding-top:0px;padding-bottom:0px\" id=\"wpv-column-2472ed1f0891080973aed5f26b4afd28\" ><p><img loading=\"lazy\" class=\"size-full wp-image-8388 alignnone\" src=\"\/wp-content\/uploads\/ico-home-redondo-virus.png\" alt=\"\" width=\"60\" height=\"60\" \/><\/p>\n<hr \/>\n<h3><a href=\"https:\/\/loscomuneroshub.com\/educacion-al-paciente\/covid-19\/\">Recomendaciones<br \/>\nCOVID-19<\/a><\/h3>\n<p>Recomendaciones para protegerse y<br \/>\nprevenir la propagaci\u00f3n del<br \/>\nCOVID-19.<\/p>\n<p><a href=\"https:\/\/loscomuneroshub.com\/educacion-al-paciente\/covid-19\/\">Ver m\u00e1s \u2192<\/a><\/div>\n<div class=\"wpv-grid grid-1-4  wpv-first-level unextended animation-from-left animated-active\" style=\"padding-top:0px;padding-bottom:0px\" id=\"wpv-column-c7c13a3542f5aa67d08c178994172fe1\" ><p><img loading=\"lazy\" class=\"size-full wp-image-8388 alignnone\" src=\"\/wp-content\/uploads\/ico-home-redondo-estetoscopio.png\" alt=\"\" width=\"60\" height=\"60\" \/><\/p>\n<hr \/>\n<h3><a href=\"https:\/\/loscomuneroshub.com\/educacion-al-paciente\/promocion-y-prevencion\/\">Promoci\u00f3n y mantenimiento de la salud<\/a><\/h3>\n<p>Recomendaciones para cuidar la salud, prevenir o controlar enfermedades.<\/p>\n<p><a href=\"https:\/\/loscomuneroshub.com\/educacion-al-paciente\/promocion-y-prevencion\/\">Ver m\u00e1s \u2192<\/a><\/div>\n<div class=\"wpv-grid grid-1-4  wpv-first-level unextended animation-from-left animated-active\" style=\"padding-top:0px;padding-bottom:0px\" id=\"wpv-column-37083647613c6dd6d162368964984e62\" ><p><img loading=\"lazy\" class=\"size-full wp-image-8388 alignnone\" src=\"\/wp-content\/uploads\/ico-home-redondo-procedimientos.png\" alt=\"\" width=\"60\" height=\"60\" \/><\/p>\n<hr \/>\n<h3><a href=\"https:\/\/loscomuneroshub.com\/educacion-al-paciente\/procedimientos-endoscopicos\/\">Procedimientos<br \/>\nendosc\u00f3picos<\/a><\/h3>\n<p>Indicaciones a tener en cuenta antes de ingresar a un procedimiento m\u00e9dico.<\/p>\n<p><a href=\"https:\/\/loscomuneroshub.com\/educacion-al-paciente\/procedimientos-endoscopicos\/\">Ver m\u00e1s \u2192<\/a><\/div>\n<div class=\"wpv-grid grid-1-4  wpv-first-level unextended animation-from-left animated-active\" style=\"padding-top:0px;padding-bottom:0px\" id=\"wpv-column-37bc351d5639fb64ffd0bf9e2066f0c7\" ><p><img loading=\"lazy\" class=\"size-full wp-image-8388 alignnone\" src=\"\/wp-content\/uploads\/ico-home-redondo-cirugias.png\" alt=\"\" width=\"60\" height=\"60\" \/><\/p>\n<hr \/>\n<h3><a href=\"https:\/\/loscomuneroshub.com\/educacion-al-paciente\/recomendacionesparacirugias\/\">Recomendaciones<br \/>\npara cirug\u00edas<\/a><\/h3>\n<p>Indicaciones para pacientes que van a ser sometidos a procedimientos quir\u00fargicos.<\/p>\n<p><a href=\"https:\/\/loscomuneroshub.com\/educacion-al-paciente\/recomendacionesparacirugias\/\">Ver m\u00e1s \u2192<\/a><\/div><\/div>\n<div class=\"push\" style='margin-bottom:-30px'><\/div>\n<div class=\"row \"><div class=\"wpv-grid grid-1-4  wpv-first-level first unextended animation-from-left animated-active\" style=\"padding-top:0px;padding-bottom:0px\" id=\"wpv-column-e7e83a1f90a2ced5f76083fcf59f7f92\" ><p><img loading=\"lazy\" class=\"size-full wp-image-8388 alignnone\" src=\"\/wp-content\/uploads\/ico-home-redondo-nutricion.png\" alt=\"\" width=\"60\" height=\"60\" \/><\/p>\n<hr \/>\n<h3><a href=\"https:\/\/loscomuneroshub.com\/educacion-al-paciente\/nutricion\/\">Nutrici\u00f3n<\/a><\/h3>\n<p>Recomendaciones para mantener una alimentaci\u00f3n saludable, seg\u00fan cada patolog\u00eda.<\/p>\n<p><a href=\"https:\/\/loscomuneroshub.com\/educacion-al-paciente\/nutricion\/\">Ver m\u00e1s \u2192<\/a><\/div>\n<div class=\"wpv-grid grid-1-4  wpv-first-level unextended animation-from-left animated-active\" style=\"padding-top:0px;padding-bottom:0px\" id=\"wpv-column-e38f7d63bed9fead4b94959b69ce5b64\" ><p><img loading=\"lazy\" class=\"size-full wp-image-8388 alignnone\" src=\"\/wp-content\/uploads\/ico-home-redondo-odontologia.png\" alt=\"\" width=\"60\" height=\"60\" \/><\/p>\n<hr \/>\n<h3><a href=\"https:\/\/loscomuneroshub.com\/educacion-al-paciente\/odontologia\/\">Odontolog\u00eda<\/a><\/h3>\n<p>Recomendaciones para cuidar la salud bucal y prevenir enfermedades orales.<\/p>\n<p><a href=\"https:\/\/loscomuneroshub.com\/educacion-al-paciente\/odontologia\/\">Ver m\u00e1s \u2192<\/a><\/div>\n<div class=\"wpv-grid grid-1-4  wpv-first-level unextended animation-from-left animated-active\" style=\"padding-top:0px;padding-bottom:0px\" id=\"wpv-column-e6c662f55de94fd4c11ef9a4899d8bca\" ><p><img loading=\"lazy\" class=\"size-full wp-image-8388 alignnone\" src=\"\/wp-content\/uploads\/ico-home-redondo-psicologia.png\" alt=\"\" width=\"60\" height=\"60\" \/><\/p>\n<hr \/>\n<h3><a href=\"https:\/\/loscomuneroshub.com\/educacion-al-paciente\/psicologia\/\">Psicolog\u00eda<\/a><\/h3>\n<p>Recomendaciones para el cuidado de la salud mental y el bienestar emocional.<\/p>\n<p><a href=\"https:\/\/loscomuneroshub.com\/educacion-al-paciente\/psicologia\/\">Ver m\u00e1s \u2192<\/a><\/div>\n<div class=\"wpv-grid grid-1-4  wpv-first-level unextended animation-from-left animated-active\" style=\"padding-top:0px;padding-bottom:0px\" id=\"wpv-column-615bbfd29be5111c35177c72273a52d4\" ><p><img loading=\"lazy\" class=\"size-full wp-image-8388 alignnone\" src=\"\/wp-content\/uploads\/ico-home-redondo-rehabilitacion.png\" alt=\"\" width=\"60\" height=\"60\" \/><\/p>\n<hr \/>\n<h3><a href=\"https:\/\/loscomuneroshub.com\/educacion-al-paciente\/terapia\/\">Terapia<\/a><\/h3>\n<p>Indicaciones de terapia f\u00edsica, respiratoria, fonoaudiolog\u00eda o rehabilitaci\u00f3n cardiaca.<\/p>\n<p><a href=\"https:\/\/loscomuneroshub.com\/educacion-al-paciente\/terapia\/\">Ver m\u00e1s \u2192<\/a><\/div><\/div>\n<div class=\"push\" style='margin-bottom:-30px'><\/div>\n","protected":false},"excerpt":{"rendered":"<p>Recomendaciones COVID-19 Recomendaciones para protegerse y prevenir la propagaci\u00f3n del COVID-19. Ver m\u00e1s \u2192 Promoci\u00f3n y mantenimiento de la salud Recomendaciones para cuidar la salud, prevenir o controlar enfermedades. Ver m\u00e1s \u2192 Procedimientos endosc\u00f3picos Indicaciones a tener en cuenta antes de ingresar a un procedimiento m\u00e9dico. Ver m\u00e1s \u2192 Recomendaciones para cirug\u00edas Indicaciones para pacientes&#8230;<\/p>\n","protected":false},"author":2,"featured_media":0,"parent":0,"menu_order":0,"comment_status":"closed","ping_status":"open","template":"","meta":{"_mi_skip_tracking":false,"_monsterinsights_sitenote_active":false,"_monsterinsights_sitenote_note":"","_monsterinsights_sitenote_category":0},"_links":{"self":[{"href":"https:\/\/loscomuneroshub.com\/educacion-al-paciente\/wp-json\/wp\/v2\/pages\/7832"}],"collection":[{"href":"https:\/\/loscomuneroshub.com\/educacion-al-paciente\/wp-json\/wp\/v2\/pages"}],"about":[{"href":"https:\/\/loscomuneroshub.com\/educacion-al-paciente\/wp-json\/wp\/v2\/types\/page"}],"author":[{"embeddable":true,"href":"https:\/\/loscomuneroshub.com\/educacion-al-paciente\/wp-json\/wp\/v2\/users\/2"}],"replies":[{"embeddable":true,"href":"https:\/\/loscomuneroshub.com\/educacion-al-paciente\/wp-json\/wp\/v2\/comments?post=7832"}],"version-history":[{"count":282,"href":"https:\/\/loscomuneroshub.com\/educacion-al-paciente\/wp-json\/wp\/v2\/pages\/7832\/revisions"}],"predecessor-version":[{"id":21122,"href":"https:\/\/loscomuneroshub.com\/educacion-al-paciente\/wp-json\/wp\/v2\/pages\/7832\/revisions\/21122"}],"wp:attachment":[{"href":"https:\/\/loscomuneroshub.com\/educacion-al-paciente\/wp-json\/wp\/v2\/media?parent=7832"}],"curies":[{"name":"wp","href":"https:\/\/api.w.org\/{rel}","templated":true}]}}