{"id":10942,"date":"2021-08-06T14:45:15","date_gmt":"2021-08-06T19:45:15","guid":{"rendered":"http:\/\/educacion-al-paciente.loscomuneroshub.com\/?page_id=10942"},"modified":"2024-01-02T15:36:07","modified_gmt":"2024-01-02T20:36:07","slug":"recomendacionesparacirugias","status":"publish","type":"page","link":"https:\/\/loscomuneroshub.com\/educacion-al-paciente\/recomendacionesparacirugias\/","title":{"rendered":"Recomendaciones para cirug\u00edas"},"content":{"rendered":"<div class=\"row \"><div class=\"wpv-grid grid-1-3  wpv-first-level first unextended\" style=\"padding-top:0px;padding-bottom:0px\" id=\"wpv-column-102fdd4a91e2cd23281dc303f82ca2be\" >\n<div  data-href=\"https:\/\/loscomuneroshub.com\/educacion-al-paciente\/posterior-a-la-colonoscopia\/\" tabindex=\"1\" data-target=\"_self\" class=\"linkarea clearfix accent4  background-transparent\">\n\t\t\t\t<div class=\"last\"><h5 style=\"text-align: center\"><img loading=\"lazy\" class=\"aligncenter wp-image-12909\" src=\"http:\/\/educacion-al-paciente.loscomuneroshub.com\/wp-content\/uploads\/doctor-7.png\" alt=\"\" width=\"65\" height=\"66\" srcset=\"https:\/\/loscomuneroshub.com\/educacion-al-paciente\/wp-content\/uploads\/doctor-7.png 64w, https:\/\/loscomuneroshub.com\/educacion-al-paciente\/wp-content\/uploads\/doctor-7-60x60.png 60w, https:\/\/loscomuneroshub.com\/educacion-al-paciente\/wp-content\/uploads\/doctor-7-43x43.png 43w\" sizes=\"(max-width: 65px) 100vw, 65px\" \/><\/h5>\n<hr \/>\n<h5 style=\"text-align: center\">Posterior a la Colonoscopia<\/h5><\/div>\n\t<\/div><\/div>\n<div class=\"wpv-grid grid-1-3  wpv-first-level unextended\" style=\"padding-top:0px;padding-bottom:0px\" id=\"wpv-column-427ab7326b290c52a59b13b2ed2ab222\" >\n<div  data-href=\"https:\/\/loscomuneroshub.com\/educacion-al-paciente\/paciente-quirurgico\/\" tabindex=\"1\" data-target=\"_self\" class=\"linkarea clearfix accent4  background-transparent\">\n\t\t\t\t<div class=\"last\"><h5 style=\"text-align: center\"><img loading=\"lazy\" class=\" wp-image-12908 aligncenter\" src=\"http:\/\/educacion-al-paciente.loscomuneroshub.com\/wp-content\/uploads\/cirugia-2.png\" alt=\"\" width=\"65\" height=\"66\" srcset=\"https:\/\/loscomuneroshub.com\/educacion-al-paciente\/wp-content\/uploads\/cirugia-2.png 64w, https:\/\/loscomuneroshub.com\/educacion-al-paciente\/wp-content\/uploads\/cirugia-2-60x60.png 60w, https:\/\/loscomuneroshub.com\/educacion-al-paciente\/wp-content\/uploads\/cirugia-2-43x43.png 43w\" sizes=\"(max-width: 65px) 100vw, 65px\" \/><\/h5>\n<hr \/>\n<h5 style=\"text-align: center\">Paciente quir\u00fargico<\/h5><\/div>\n\t<\/div><\/div>\n<div class=\"wpv-grid grid-1-3  wpv-first-level unextended\" style=\"padding-top:0px;padding-bottom:0px\" id=\"wpv-column-0a8a94f6db722bdb54ca08e95131a4bb\" >\n<div  data-href=\"https:\/\/loscomuneroshub.com\/educacion-al-paciente\/recomendaciones-post-egreso-para-pacientes-de-cirugia-ambulatoria\/\" tabindex=\"1\" data-target=\"_self\" class=\"linkarea clearfix accent4  background-transparent\">\n\t\t\t\t<div class=\"last\"><h5 style=\"text-align: center\"><img loading=\"lazy\" class=\"aligncenter wp-image-13122\" src=\"http:\/\/educacion-al-paciente.loscomuneroshub.com\/wp-content\/uploads\/enfermera.png\" alt=\"\" width=\"65\" height=\"65\" srcset=\"https:\/\/loscomuneroshub.com\/educacion-al-paciente\/wp-content\/uploads\/enfermera.png 64w, https:\/\/loscomuneroshub.com\/educacion-al-paciente\/wp-content\/uploads\/enfermera-60x60.png 60w, https:\/\/loscomuneroshub.com\/educacion-al-paciente\/wp-content\/uploads\/enfermera-43x43.png 43w\" sizes=\"(max-width: 65px) 100vw, 65px\" \/><\/h5>\n<hr \/>\n<h5 style=\"text-align: center\">Posterior a cirug\u00eda ambulatoria<\/h5><\/div>\n\t<\/div><\/div><\/div>\n<div class=\"row \"><div class=\"wpv-grid grid-1-3  wpv-first-level first unextended\" style=\"padding-top:0px;padding-bottom:0px\" id=\"wpv-column-7c39cbfa20e43cc909d8a109c7a0ba6d\" >\n<div  data-href=\"https:\/\/loscomuneroshub.com\/educacion-al-paciente\/recomendaciones-tras-la-realizacion-de-imagenes-diagnosticas\/\" tabindex=\"1\" data-target=\"_self\" class=\"linkarea clearfix accent4  background-transparent\">\n\t\t\t\t<div class=\"last\"><h5 style=\"text-align: center\"><img loading=\"lazy\" class=\"wp-image-14283 aligncenter\" src=\"http:\/\/educacion-al-paciente.loscomuneroshub.com\/wp-content\/uploads\/Sin-titulo-1-1.png\" alt=\"\" width=\"72\" height=\"72\" srcset=\"https:\/\/loscomuneroshub.com\/educacion-al-paciente\/wp-content\/uploads\/Sin-titulo-1-1.png 200w, https:\/\/loscomuneroshub.com\/educacion-al-paciente\/wp-content\/uploads\/Sin-titulo-1-1-150x150.png 150w, https:\/\/loscomuneroshub.com\/educacion-al-paciente\/wp-content\/uploads\/Sin-titulo-1-1-60x60.png 60w, https:\/\/loscomuneroshub.com\/educacion-al-paciente\/wp-content\/uploads\/Sin-titulo-1-1-43x43.png 43w, https:\/\/loscomuneroshub.com\/educacion-al-paciente\/wp-content\/uploads\/Sin-titulo-1-1-100x100.png 100w\" sizes=\"(max-width: 72px) 100vw, 72px\" \/><\/h5>\n<hr \/>\n<h5 style=\"text-align: center\">Recomendaciones tras la realizaci\u00f3n de ex\u00e1menes de im\u00e1genes diagn\u00f3sticas<\/h5><\/div>\n\t<\/div><\/div>\n<div class=\"wpv-grid grid-1-3  wpv-first-level unextended\" style=\"padding-top:0px;padding-bottom:0px\" id=\"wpv-column-c666c8c490059e343a64f9a6236a364b\" >\n<div  data-href=\"https:\/\/loscomuneroshub.com\/educacion-al-paciente\/recomendaciones-para-pacientes-con-post-safenovaricectomia\/\" tabindex=\"1\" data-target=\"_self\" class=\"linkarea clearfix accent4  background-transparent\">\n\t\t\t\t<div class=\"last\"><h5 style=\"text-align: center\"><img loading=\"lazy\" class=\" wp-image-13123 aligncenter\" src=\"http:\/\/educacion-al-paciente.loscomuneroshub.com\/wp-content\/uploads\/venas.png\" alt=\"\" width=\"65\" height=\"65\" srcset=\"https:\/\/loscomuneroshub.com\/educacion-al-paciente\/wp-content\/uploads\/venas.png 64w, https:\/\/loscomuneroshub.com\/educacion-al-paciente\/wp-content\/uploads\/venas-60x60.png 60w, https:\/\/loscomuneroshub.com\/educacion-al-paciente\/wp-content\/uploads\/venas-43x43.png 43w\" sizes=\"(max-width: 65px) 100vw, 65px\" \/><\/h5>\n<hr \/>\n<h5 style=\"text-align: center\">Posterior a la Safenovaricectom\u00eda<\/h5><\/div>\n\t<\/div><\/div>\n<div class=\"wpv-grid grid-1-3  wpv-first-level unextended\" style=\"padding-top:0px;padding-bottom:0px\" id=\"wpv-column-1a93c36165fa63d1d5c5df05f529e6aa\" >\n<div  data-href=\"https:\/\/loscomuneroshub.com\/educacion-al-paciente\/recomendaciones-para-el-cuidado-de-ferulas-o-vendajes\/\" tabindex=\"1\" data-target=\"_self\" class=\"linkarea clearfix accent4  background-transparent\">\n\t\t\t\t<div class=\"last\"><h5 style=\"text-align: center\"><img loading=\"lazy\" class=\"wp-image-14087 aligncenter\" src=\"http:\/\/educacion-al-paciente.loscomuneroshub.com\/wp-content\/uploads\/pierna-rota-500x500.png\" alt=\"\" width=\"75\" height=\"75\" srcset=\"https:\/\/loscomuneroshub.com\/educacion-al-paciente\/wp-content\/uploads\/pierna-rota-500x500.png 500w, https:\/\/loscomuneroshub.com\/educacion-al-paciente\/wp-content\/uploads\/pierna-rota-150x150.png 150w, https:\/\/loscomuneroshub.com\/educacion-al-paciente\/wp-content\/uploads\/pierna-rota-60x60.png 60w, https:\/\/loscomuneroshub.com\/educacion-al-paciente\/wp-content\/uploads\/pierna-rota-43x43.png 43w, https:\/\/loscomuneroshub.com\/educacion-al-paciente\/wp-content\/uploads\/pierna-rota-360x360.png 360w, https:\/\/loscomuneroshub.com\/educacion-al-paciente\/wp-content\/uploads\/pierna-rota-262x262.png 262w, https:\/\/loscomuneroshub.com\/educacion-al-paciente\/wp-content\/uploads\/pierna-rota-300x300.png 300w, https:\/\/loscomuneroshub.com\/educacion-al-paciente\/wp-content\/uploads\/pierna-rota-100x100.png 100w, https:\/\/loscomuneroshub.com\/educacion-al-paciente\/wp-content\/uploads\/pierna-rota.png 512w\" sizes=\"(max-width: 75px) 100vw, 75px\" \/><\/h5>\n<hr \/>\n<h5 style=\"text-align: center\">Cuidado de f\u00e9rulas o vendajes<\/h5><\/div>\n\t<\/div><\/div><\/div>\n<div class=\"row \"><div class=\"wpv-grid grid-1-3  wpv-first-level first unextended\" style=\"padding-top:0px;padding-bottom:0px\" id=\"wpv-column-9f5899c89650d2a24bb29600081f5d57\" >\n<div  data-href=\"https:\/\/loscomuneroshub.com\/educacion-al-paciente\/indicaciones-de-cuidado-para-paciente-con-implante-de-aloinjerto\/\" tabindex=\"1\" data-target=\"_self\" class=\"linkarea clearfix accent4  background-transparent\">\n\t\t\t\t<div class=\"last\"><h5 style=\"text-align: center\"><img loading=\"lazy\" class=\"size-full wp-image-18937 aligncenter\" src=\"https:\/\/loscomuneroshub.com\/educacion-al-paciente\/wp-content\/uploads\/azul.png\" alt=\"\" width=\"80\" height=\"80\" srcset=\"https:\/\/loscomuneroshub.com\/educacion-al-paciente\/wp-content\/uploads\/azul.png 80w, https:\/\/loscomuneroshub.com\/educacion-al-paciente\/wp-content\/uploads\/azul-60x60.png 60w, https:\/\/loscomuneroshub.com\/educacion-al-paciente\/wp-content\/uploads\/azul-43x43.png 43w\" sizes=\"(max-width: 80px) 100vw, 80px\" \/><\/h5>\n<hr \/>\n<h5 style=\"text-align: center\">Indicaciones de cuidado para pacientes con implante de aloinjerto<\/h5><\/div>\n\t<\/div><\/div><\/div>\n","protected":false},"excerpt":{"rendered":"","protected":false},"author":2,"featured_media":0,"parent":0,"menu_order":0,"comment_status":"closed","ping_status":"closed","template":"","meta":{"_mi_skip_tracking":false,"_monsterinsights_sitenote_active":false,"_monsterinsights_sitenote_note":"","_monsterinsights_sitenote_category":0},"_links":{"self":[{"href":"https:\/\/loscomuneroshub.com\/educacion-al-paciente\/wp-json\/wp\/v2\/pages\/10942"}],"collection":[{"href":"https:\/\/loscomuneroshub.com\/educacion-al-paciente\/wp-json\/wp\/v2\/pages"}],"about":[{"href":"https:\/\/loscomuneroshub.com\/educacion-al-paciente\/wp-json\/wp\/v2\/types\/page"}],"author":[{"embeddable":true,"href":"https:\/\/loscomuneroshub.com\/educacion-al-paciente\/wp-json\/wp\/v2\/users\/2"}],"replies":[{"embeddable":true,"href":"https:\/\/loscomuneroshub.com\/educacion-al-paciente\/wp-json\/wp\/v2\/comments?post=10942"}],"version-history":[{"count":27,"href":"https:\/\/loscomuneroshub.com\/educacion-al-paciente\/wp-json\/wp\/v2\/pages\/10942\/revisions"}],"predecessor-version":[{"id":18943,"href":"https:\/\/loscomuneroshub.com\/educacion-al-paciente\/wp-json\/wp\/v2\/pages\/10942\/revisions\/18943"}],"wp:attachment":[{"href":"https:\/\/loscomuneroshub.com\/educacion-al-paciente\/wp-json\/wp\/v2\/media?parent=10942"}],"curies":[{"name":"wp","href":"https:\/\/api.w.org\/{rel}","templated":true}]}}